{"id":76,"date":"2019-03-12T09:46:46","date_gmt":"2019-03-12T08:46:46","guid":{"rendered":"http:\/\/www.fortis-it.si\/?page_id=76"},"modified":"2019-03-13T14:55:40","modified_gmt":"2019-03-13T13:55:40","slug":"servis-racunalnikov","status":"publish","type":"page","link":"https:\/\/www.fortis-it.si\/?page_id=76","title":{"rendered":"Servis ra\u010dunalnikov"},"content":{"rendered":"<div class=\"czr-wp-the-content\">\n<p>V podjetju FORTIS IT Janez \u0160ifrar s.p. iz Tr\u017ei\u010da smo specializirano podjetje za servis, upravljanje, vzdr\u017eevanje in podporo informacijskih sistemov. Nudimo popravila programskih in strojnih napak ra\u010dunalni\u0161ke opreme. S testiranjem in diagnostiko odkrijemo vzrok te\u017eave, jo strokovno popravimo oz. zamenjamo strojno opremo ra\u010dunalnika ali odpravimo programsko napako.<\/p>\n<p>Popravila in vzdr\u017eevanje:<\/p>\n<ul>\n<li>osebnih in prenosnih ra\u010dunalnikov,<\/li>\n<li>tabli\u010dnih ra\u010dunalnikov in telefonov,<\/li>\n<li>stre\u017eni\u0161kih sistemov,<\/li>\n<li>mre\u017ene opreme (stikala, usmerjevalniki, kabli, \u2026)<\/li>\n<li>tiskalnikov in LCD zaslonov<\/li>\n<li>zunanjih diskov in ostalih ra\u010dunalni\u0161kih komponent,<\/li>\n<li>re\u0161evanje podatkov iz izbrisanih oz. pokvarjenih podatkovnih nosilcev (trdih diskov, SSD diskov, USB klju\u010dkov, SD kartic, ..),<\/li>\n<li>\u010di\u0161\u010denje ra\u010dunalnikov in naprav,<\/li>\n<li>\u010de je popravilo nemogo\u010de oz. cenovno neupravi\u010deno, vam pomagamo in svetujemo pri nakupu nove opreme,<\/li>\n<\/ul>\n<p>Popravila izvajamo tudi pri vas doma ali v pisarni.<\/p>\n<\/div>\n","protected":false},"excerpt":{"rendered":"<p>V podjetju FORTIS IT Janez \u0160ifrar s.p. iz Tr\u017ei\u010da smo specializirano podjetje za servis, upravljanje, vzdr\u017eevanje in podporo informacijskih sistemov. Nudimo popravila programskih in strojnih napak ra\u010dunalni\u0161ke opreme. S testiranjem in diagnostiko odkrijemo vzrok te\u017eave, jo strokovno popravimo oz. zamenjamo strojno opremo ra\u010dunalnika ali odpravimo programsko napako. Popravila in vzdr\u017eevanje: osebnih in prenosnih ra\u010dunalnikov, tabli\u010dnih [&hellip;]<\/p>\n","protected":false},"author":1,"featured_media":134,"parent":0,"menu_order":0,"comment_status":"closed","ping_status":"closed","template":"","meta":{"footnotes":""},"_links":{"self":[{"href":"https:\/\/www.fortis-it.si\/index.php?rest_route=\/wp\/v2\/pages\/76"}],"collection":[{"href":"https:\/\/www.fortis-it.si\/index.php?rest_route=\/wp\/v2\/pages"}],"about":[{"href":"https:\/\/www.fortis-it.si\/index.php?rest_route=\/wp\/v2\/types\/page"}],"author":[{"embeddable":true,"href":"https:\/\/www.fortis-it.si\/index.php?rest_route=\/wp\/v2\/users\/1"}],"replies":[{"embeddable":true,"href":"https:\/\/www.fortis-it.si\/index.php?rest_route=%2Fwp%2Fv2%2Fcomments&post=76"}],"version-history":[{"count":3,"href":"https:\/\/www.fortis-it.si\/index.php?rest_route=\/wp\/v2\/pages\/76\/revisions"}],"predecessor-version":[{"id":164,"href":"https:\/\/www.fortis-it.si\/index.php?rest_route=\/wp\/v2\/pages\/76\/revisions\/164"}],"wp:featuredmedia":[{"embeddable":true,"href":"https:\/\/www.fortis-it.si\/index.php?rest_route=\/wp\/v2\/media\/134"}],"wp:attachment":[{"href":"https:\/\/www.fortis-it.si\/index.php?rest_route=%2Fwp%2Fv2%2Fmedia&parent=76"}],"curies":[{"name":"wp","href":"https:\/\/api.w.org\/{rel}","templated":true}]}}