{"id":79,"date":"2019-03-12T09:50:15","date_gmt":"2019-03-12T08:50:15","guid":{"rendered":"http:\/\/www.fortis-it.si\/?page_id=79"},"modified":"2019-03-13T15:00:32","modified_gmt":"2019-03-13T14:00:32","slug":"sistemske-it-resitve","status":"publish","type":"page","link":"https:\/\/www.fortis-it.si\/?page_id=79","title":{"rendered":"Sistemske IT re\u0161itve"},"content":{"rendered":"<p>Ker se zavedamo, da je za nemoteno delovanje poslovnih procesov zelo pomembno tudi vzd\u017eevanje IT opreme vam omogo\u010damo tudi:<\/p>\n<ul>\n<li>skrb za brezhibno delovanje stre\u017enikov in celotnega IT okolja,<\/li>\n<li>pomo\u010d uporabnikom pri delu z ra\u010dunalnikom,<\/li>\n<li>virtualizacija stre\u017enikov in delovnih postaj,<\/li>\n<li>postavitev in optimizacija omre\u017eij, \u017ei\u010dnih (ETH) kot tudi brez\u017ei\u010dnih (WiFi),<\/li>\n<li>postavitev in nastavitev po\u017earnih pregrad (Firewall-ov) med lokalnim omre\u017ejem in internetom,<\/li>\n<li>omejevanje prometa preko omre\u017eja po \u017eeljah naro\u010dnika,<\/li>\n<li>namestitev licen\u010dne programske opreme (operacijski sistemi, uporabni\u0161ki programi,.. ),<\/li>\n<li>za\u0161\u010dito pred napadi ra\u010dunalni\u0161kih virusov in ne\u017eeljenih ter \u0161kodljivih programov z programsko in strojno opremo,<\/li>\n<li>urejanje arhiviranja in za\u0161\u010dite podatkov, podatkovnih baz, po\u0161tnih stre\u017enikov,.. ,<\/li>\n<li>izdelavo internethin strani, spletnih trgovin, forumov.. ,<\/li>\n<li>Uredimo vam tudi vse potrebno za registracijo in gostovanje va\u0161e domene,<\/li>\n<\/ul>\n","protected":false},"excerpt":{"rendered":"<p>Ker se zavedamo, da je za nemoteno delovanje poslovnih procesov zelo pomembno tudi vzd\u017eevanje IT opreme vam omogo\u010damo tudi: skrb za brezhibno delovanje stre\u017enikov in celotnega IT okolja, pomo\u010d uporabnikom pri delu z ra\u010dunalnikom, virtualizacija stre\u017enikov in delovnih postaj, postavitev in optimizacija omre\u017eij, \u017ei\u010dnih (ETH) kot tudi brez\u017ei\u010dnih (WiFi), postavitev in nastavitev po\u017earnih pregrad (Firewall-ov) [&hellip;]<\/p>\n","protected":false},"author":1,"featured_media":149,"parent":0,"menu_order":0,"comment_status":"closed","ping_status":"closed","template":"","meta":{"footnotes":""},"_links":{"self":[{"href":"https:\/\/www.fortis-it.si\/index.php?rest_route=\/wp\/v2\/pages\/79"}],"collection":[{"href":"https:\/\/www.fortis-it.si\/index.php?rest_route=\/wp\/v2\/pages"}],"about":[{"href":"https:\/\/www.fortis-it.si\/index.php?rest_route=\/wp\/v2\/types\/page"}],"author":[{"embeddable":true,"href":"https:\/\/www.fortis-it.si\/index.php?rest_route=\/wp\/v2\/users\/1"}],"replies":[{"embeddable":true,"href":"https:\/\/www.fortis-it.si\/index.php?rest_route=%2Fwp%2Fv2%2Fcomments&post=79"}],"version-history":[{"count":1,"href":"https:\/\/www.fortis-it.si\/index.php?rest_route=\/wp\/v2\/pages\/79\/revisions"}],"predecessor-version":[{"id":81,"href":"https:\/\/www.fortis-it.si\/index.php?rest_route=\/wp\/v2\/pages\/79\/revisions\/81"}],"wp:featuredmedia":[{"embeddable":true,"href":"https:\/\/www.fortis-it.si\/index.php?rest_route=\/wp\/v2\/media\/149"}],"wp:attachment":[{"href":"https:\/\/www.fortis-it.si\/index.php?rest_route=%2Fwp%2Fv2%2Fmedia&parent=79"}],"curies":[{"name":"wp","href":"https:\/\/api.w.org\/{rel}","templated":true}]}}