{"id":84,"date":"2019-03-12T09:56:04","date_gmt":"2019-03-12T08:56:04","guid":{"rendered":"http:\/\/www.fortis-it.si\/?page_id=84"},"modified":"2019-03-13T15:01:28","modified_gmt":"2019-03-13T14:01:28","slug":"svetovanje-in-pomoc","status":"publish","type":"page","link":"https:\/\/www.fortis-it.si\/?page_id=84","title":{"rendered":"Svetovanje in pomo\u010d"},"content":{"rendered":"<p>Zavedamo se, da je na tr\u017ei\u0161\u010du velika ponudba ra\u010dunalni\u0161ke oprem, zato vam nudimo strokovno svetovanje, prilagojeno va\u0161im potrebam, da boste la\u017eje na\u0161li to, kar i\u0161\u010dete.<\/p>\n<p>Z dolgoletnimi izku\u0161njami in poznavanjem razli\u010dnih informacijskih re\u0161itev vam omogo\u010damo optimalno rabo sistemov in programske opreme.<\/p>\n","protected":false},"excerpt":{"rendered":"<p>Zavedamo se, da je na tr\u017ei\u0161\u010du velika ponudba ra\u010dunalni\u0161ke oprem, zato vam nudimo strokovno svetovanje, prilagojeno va\u0161im potrebam, da boste la\u017eje na\u0161li to, kar i\u0161\u010dete. Z dolgoletnimi izku\u0161njami in poznavanjem razli\u010dnih informacijskih re\u0161itev vam omogo\u010damo optimalno rabo sistemov in programske opreme.<\/p>\n","protected":false},"author":1,"featured_media":132,"parent":0,"menu_order":0,"comment_status":"closed","ping_status":"closed","template":"","meta":{"footnotes":""},"_links":{"self":[{"href":"https:\/\/www.fortis-it.si\/index.php?rest_route=\/wp\/v2\/pages\/84"}],"collection":[{"href":"https:\/\/www.fortis-it.si\/index.php?rest_route=\/wp\/v2\/pages"}],"about":[{"href":"https:\/\/www.fortis-it.si\/index.php?rest_route=\/wp\/v2\/types\/page"}],"author":[{"embeddable":true,"href":"https:\/\/www.fortis-it.si\/index.php?rest_route=\/wp\/v2\/users\/1"}],"replies":[{"embeddable":true,"href":"https:\/\/www.fortis-it.si\/index.php?rest_route=%2Fwp%2Fv2%2Fcomments&post=84"}],"version-history":[{"count":1,"href":"https:\/\/www.fortis-it.si\/index.php?rest_route=\/wp\/v2\/pages\/84\/revisions"}],"predecessor-version":[{"id":85,"href":"https:\/\/www.fortis-it.si\/index.php?rest_route=\/wp\/v2\/pages\/84\/revisions\/85"}],"wp:featuredmedia":[{"embeddable":true,"href":"https:\/\/www.fortis-it.si\/index.php?rest_route=\/wp\/v2\/media\/132"}],"wp:attachment":[{"href":"https:\/\/www.fortis-it.si\/index.php?rest_route=%2Fwp%2Fv2%2Fmedia&parent=84"}],"curies":[{"name":"wp","href":"https:\/\/api.w.org\/{rel}","templated":true}]}}